{"id":3638,"date":"2023-08-03T11:37:08","date_gmt":"2023-08-03T03:37:08","guid":{"rendered":"http:\/\/www.aozeesolar.com\/?post_type=product&#038;p=3638"},"modified":"2023-08-03T11:37:11","modified_gmt":"2023-08-03T03:37:11","slug":"auto-bussing-machine","status":"publish","type":"product","link":"https:\/\/www.aozeesolar.com\/index.php\/product\/auto-bussing-machine\/","title":{"rendered":"Auto Bussing Machine"},"content":{"rendered":"<p>Auto bussing machine is automatic bussing for solar panel production.<\/p>\n<h3>Function<\/h3>\n<p>The whole machine is compatible with full cell, half cell, double glass modules, compatible with multiple grids after replacing.<\/p>\n<p>Automatically completes cutting, bending and interconnection soldering of solar module.<\/p>\n<p>To effectively rectify cell strings, avoid soldering defects caused by large layup accuracy.<\/p>\n<p>Ribbon roll feeding,automatically prepare upfold L type.<\/p>\n<p>The flux can be automatically filled between the ribbon and busbar before.<\/p>\n<p>Visual correction for cell stringer.<\/p>\n<p>The operating door is equipped with safety protection.<\/p>\n<h3>Parameter<\/h3>\n<p>1.Cycle time: 18 sec\/panel (shielding bypass soldering); 23 sec\/panel (opening bypass soldering).<br \/>\n2.Cell Specification: 156mm-220mm (initial configuration according to customer demand);<br \/>\n3.Panel specification:6 strings \u00d7 10 half pieces \u00d7 2 &amp; 6 strings \u00d7 11 half pieces \u00d7 2 &amp; 6 strings \u00d7 12 half pieces \u00d7 2 &amp; 6 strings \u00d7 13 half pieces \u00d7 2,6 strings \u00d7 15 one third pieces \u00d7 2,5 strings \u00d7 10 half pieces \u00d7 2 &amp; 5 strings \u00d7 11 half pieces \u00d7 2 &amp; 5 strings \u00d7 15 one third pieces \u00d7 2.<br \/>\n4.Cell space: &#8211; 0.5-4mm,String space: 1-6mm.<br \/>\nCompatible with 21xmm 5 series version.<br \/>\nGlass specification: width (980-1500mm) \u00d7 length (1630-2600mm);<br \/>\n5.Correction accuracy of cell string: \u2264\u00b1 0.25mm.<br \/>\n6.Power supply: three-phase 380V 50 \/ 60Hz.<br \/>\n7.Power: peak 30kW; average 20kW.<br \/>\n8.Air: positive pressure 0.6 ~ 0.8MPa,negative pressure about &#8211; 70kPa(provided by customer).<\/p>\n<p>&nbsp;<\/p>\n","protected":false},"excerpt":{"rendered":"<p>Max solar panel size:2400*1400mm<\/p>\n<p>Mini solar panel size:1640*992mm<\/p>\n<p>Compressed air:2000L\/min<\/p>\n<p>Power:30Kw<\/p>\n","protected":false},"featured_media":3639,"comment_status":"open","ping_status":"closed","template":"","meta":[],"product_cat":[56],"product_tag":[116,117,118,119],"class_list":["post-3638","product","type-product","status-publish","has-post-thumbnail","hentry","product_cat-auto-solar-machine","product_tag-auto-bussing-machine","product_tag-bus-bar-soldering-machine","product_tag-bussing-machine","product_tag-solar-panel-making-machine"],"yoast_head":"<!-- This site is optimized with the Yoast SEO plugin v20.11 - https:\/\/yoast.com\/wordpress\/plugins\/seo\/ -->\n<title>Auto Bussing Machine &ndash; AozeeSolar<\/title>\n<meta name=\"description\" content=\"Auto bussing machine is automatic bussing for solar panel production and compatible with full cell,half cell,double glass modules,multiple grids.\" \/>\n<meta name=\"robots\" content=\"index, follow, max-snippet:-1, max-image-preview:large, max-video-preview:-1\" \/>\n<link rel=\"canonical\" href=\"https:\/\/www.aozeesolar.com\/index.php\/product\/auto-bussing-machine\/\" \/>\n<meta property=\"og:locale\" content=\"zh_CN\" \/>\n<meta property=\"og:type\" content=\"article\" \/>\n<meta property=\"og:title\" content=\"Auto Bussing Machine &ndash; AozeeSolar\" \/>\n<meta property=\"og:description\" content=\"Auto bussing machine is automatic bussing for solar panel production and compatible with full cell,half cell,double glass modules,multiple grids.\" \/>\n<meta property=\"og:url\" content=\"https:\/\/www.aozeesolar.com\/index.php\/product\/auto-bussing-machine\/\" \/>\n<meta property=\"og:site_name\" content=\"AozeeSolar\" \/>\n<meta property=\"article:modified_time\" content=\"2023-08-03T03:37:11+00:00\" \/>\n<meta property=\"og:image\" content=\"https:\/\/www.aozeesolar.com\/wp-content\/uploads\/2023\/08\/Auto-Bussing-machine.jpg\" \/>\n\t<meta property=\"og:image:width\" content=\"600\" \/>\n\t<meta property=\"og:image:height\" content=\"400\" \/>\n\t<meta property=\"og:image:type\" content=\"image\/jpeg\" \/>\n<meta name=\"twitter:card\" content=\"summary_large_image\" \/>\n<meta name=\"twitter:label1\" content=\"\u9884\u8ba1\u9605\u8bfb\u65f6\u95f4\" \/>\n\t<meta name=\"twitter:data1\" content=\"2 \u5206\" \/>\n<script type=\"application\/ld+json\" class=\"yoast-schema-graph\">{\"@context\":\"https:\/\/schema.org\",\"@graph\":[{\"@type\":\"WebPage\",\"@id\":\"https:\/\/www.aozeesolar.com\/index.php\/product\/auto-bussing-machine\/\",\"url\":\"https:\/\/www.aozeesolar.com\/index.php\/product\/auto-bussing-machine\/\",\"name\":\"Auto Bussing Machine &ndash; AozeeSolar\",\"isPartOf\":{\"@id\":\"https:\/\/www.aozeesolar.com\/#website\"},\"datePublished\":\"2023-08-03T03:37:08+00:00\",\"dateModified\":\"2023-08-03T03:37:11+00:00\",\"description\":\"Auto bussing machine is automatic bussing for solar panel production and compatible with full cell,half cell,double glass modules,multiple grids.\",\"breadcrumb\":{\"@id\":\"https:\/\/www.aozeesolar.com\/index.php\/product\/auto-bussing-machine\/#breadcrumb\"},\"inLanguage\":\"zh-Hans\",\"potentialAction\":[{\"@type\":\"ReadAction\",\"target\":[\"https:\/\/www.aozeesolar.com\/index.php\/product\/auto-bussing-machine\/\"]}]},{\"@type\":\"BreadcrumbList\",\"@id\":\"https:\/\/www.aozeesolar.com\/index.php\/product\/auto-bussing-machine\/#breadcrumb\",\"itemListElement\":[{\"@type\":\"ListItem\",\"position\":1,\"name\":\"\u9996\u9875\",\"item\":\"https:\/\/www.aozeesolar.com\/\"},{\"@type\":\"ListItem\",\"position\":2,\"name\":\"Solar Machines\",\"item\":\"https:\/\/www.aozeesolar.com\/index.php\/solar-machines\/\"},{\"@type\":\"ListItem\",\"position\":3,\"name\":\"Auto Bussing Machine\"}]},{\"@type\":\"WebSite\",\"@id\":\"https:\/\/www.aozeesolar.com\/#website\",\"url\":\"https:\/\/www.aozeesolar.com\/\",\"name\":\"AozeeSolar-PV Turnkey Line\",\"description\":\"AozeeSolar-Turnkey Solution For PV Module Manufacturing\",\"publisher\":{\"@id\":\"https:\/\/www.aozeesolar.com\/#organization\"},\"alternateName\":\"AozeeSolar-Specialist For Solar Pv Module Machine\",\"potentialAction\":[{\"@type\":\"SearchAction\",\"target\":{\"@type\":\"EntryPoint\",\"urlTemplate\":\"https:\/\/www.aozeesolar.com\/?s={search_term_string}\"},\"query-input\":\"required name=search_term_string\"}],\"inLanguage\":\"zh-Hans\"},{\"@type\":\"Organization\",\"@id\":\"https:\/\/www.aozeesolar.com\/#organization\",\"name\":\"AozeeSolar-Specialist For Your Photovoltaic Production\",\"alternateName\":\"Best Supplier For Solar Pv Module Manufacturing-AozeeSolar\",\"url\":\"https:\/\/www.aozeesolar.com\/\",\"logo\":{\"@type\":\"ImageObject\",\"inLanguage\":\"zh-Hans\",\"@id\":\"https:\/\/www.aozeesolar.com\/#\/schema\/logo\/image\/\",\"url\":\"https:\/\/www.aozeesolar.com\/wp-content\/uploads\/2018\/07\/QQ\u622a\u56fe20230625134120.jpg\",\"contentUrl\":\"https:\/\/www.aozeesolar.com\/wp-content\/uploads\/2018\/07\/QQ\u622a\u56fe20230625134120.jpg\",\"width\":327,\"height\":289,\"caption\":\"AozeeSolar-Specialist For Your Photovoltaic Production\"},\"image\":{\"@id\":\"https:\/\/www.aozeesolar.com\/#\/schema\/logo\/image\/\"}}]}<\/script>\n<!-- \/ Yoast SEO plugin. -->","yoast_head_json":{"title":"Auto Bussing Machine &ndash; AozeeSolar","description":"Auto bussing machine is automatic bussing for solar panel production and compatible with full cell,half cell,double glass modules,multiple grids.","robots":{"index":"index","follow":"follow","max-snippet":"max-snippet:-1","max-image-preview":"max-image-preview:large","max-video-preview":"max-video-preview:-1"},"canonical":"https:\/\/www.aozeesolar.com\/index.php\/product\/auto-bussing-machine\/","og_locale":"zh_CN","og_type":"article","og_title":"Auto Bussing Machine &ndash; AozeeSolar","og_description":"Auto bussing machine is automatic bussing for solar panel production and compatible with full cell,half cell,double glass modules,multiple grids.","og_url":"https:\/\/www.aozeesolar.com\/index.php\/product\/auto-bussing-machine\/","og_site_name":"AozeeSolar","article_modified_time":"2023-08-03T03:37:11+00:00","og_image":[{"width":600,"height":400,"url":"https:\/\/www.aozeesolar.com\/wp-content\/uploads\/2023\/08\/Auto-Bussing-machine.jpg","type":"image\/jpeg"}],"twitter_card":"summary_large_image","twitter_misc":{"\u9884\u8ba1\u9605\u8bfb\u65f6\u95f4":"2 \u5206"},"schema":{"@context":"https:\/\/schema.org","@graph":[{"@type":"WebPage","@id":"https:\/\/www.aozeesolar.com\/index.php\/product\/auto-bussing-machine\/","url":"https:\/\/www.aozeesolar.com\/index.php\/product\/auto-bussing-machine\/","name":"Auto Bussing Machine &ndash; AozeeSolar","isPartOf":{"@id":"https:\/\/www.aozeesolar.com\/#website"},"datePublished":"2023-08-03T03:37:08+00:00","dateModified":"2023-08-03T03:37:11+00:00","description":"Auto bussing machine is automatic bussing for solar panel production and compatible with full cell,half cell,double glass modules,multiple grids.","breadcrumb":{"@id":"https:\/\/www.aozeesolar.com\/index.php\/product\/auto-bussing-machine\/#breadcrumb"},"inLanguage":"zh-Hans","potentialAction":[{"@type":"ReadAction","target":["https:\/\/www.aozeesolar.com\/index.php\/product\/auto-bussing-machine\/"]}]},{"@type":"BreadcrumbList","@id":"https:\/\/www.aozeesolar.com\/index.php\/product\/auto-bussing-machine\/#breadcrumb","itemListElement":[{"@type":"ListItem","position":1,"name":"\u9996\u9875","item":"https:\/\/www.aozeesolar.com\/"},{"@type":"ListItem","position":2,"name":"Solar Machines","item":"https:\/\/www.aozeesolar.com\/index.php\/solar-machines\/"},{"@type":"ListItem","position":3,"name":"Auto Bussing Machine"}]},{"@type":"WebSite","@id":"https:\/\/www.aozeesolar.com\/#website","url":"https:\/\/www.aozeesolar.com\/","name":"AozeeSolar-PV Turnkey Line","description":"AozeeSolar-Turnkey Solution For PV Module Manufacturing","publisher":{"@id":"https:\/\/www.aozeesolar.com\/#organization"},"alternateName":"AozeeSolar-Specialist For Solar Pv Module Machine","potentialAction":[{"@type":"SearchAction","target":{"@type":"EntryPoint","urlTemplate":"https:\/\/www.aozeesolar.com\/?s={search_term_string}"},"query-input":"required name=search_term_string"}],"inLanguage":"zh-Hans"},{"@type":"Organization","@id":"https:\/\/www.aozeesolar.com\/#organization","name":"AozeeSolar-Specialist For Your Photovoltaic Production","alternateName":"Best Supplier For Solar Pv Module Manufacturing-AozeeSolar","url":"https:\/\/www.aozeesolar.com\/","logo":{"@type":"ImageObject","inLanguage":"zh-Hans","@id":"https:\/\/www.aozeesolar.com\/#\/schema\/logo\/image\/","url":"https:\/\/www.aozeesolar.com\/wp-content\/uploads\/2018\/07\/QQ\u622a\u56fe20230625134120.jpg","contentUrl":"https:\/\/www.aozeesolar.com\/wp-content\/uploads\/2018\/07\/QQ\u622a\u56fe20230625134120.jpg","width":327,"height":289,"caption":"AozeeSolar-Specialist For Your Photovoltaic Production"},"image":{"@id":"https:\/\/www.aozeesolar.com\/#\/schema\/logo\/image\/"}}]}},"_links":{"self":[{"href":"https:\/\/www.aozeesolar.com\/index.php\/wp-json\/wp\/v2\/product\/3638","targetHints":{"allow":["GET"]}}],"collection":[{"href":"https:\/\/www.aozeesolar.com\/index.php\/wp-json\/wp\/v2\/product"}],"about":[{"href":"https:\/\/www.aozeesolar.com\/index.php\/wp-json\/wp\/v2\/types\/product"}],"replies":[{"embeddable":true,"href":"https:\/\/www.aozeesolar.com\/index.php\/wp-json\/wp\/v2\/comments?post=3638"}],"wp:featuredmedia":[{"embeddable":true,"href":"https:\/\/www.aozeesolar.com\/index.php\/wp-json\/wp\/v2\/media\/3639"}],"wp:attachment":[{"href":"https:\/\/www.aozeesolar.com\/index.php\/wp-json\/wp\/v2\/media?parent=3638"}],"wp:term":[{"taxonomy":"product_cat","embeddable":true,"href":"https:\/\/www.aozeesolar.com\/index.php\/wp-json\/wp\/v2\/product_cat?post=3638"},{"taxonomy":"product_tag","embeddable":true,"href":"https:\/\/www.aozeesolar.com\/index.php\/wp-json\/wp\/v2\/product_tag?post=3638"}],"curies":[{"name":"wp","href":"https:\/\/api.w.org\/{rel}","templated":true}]}}